{"id":437,"date":"2026-01-29T22:59:07","date_gmt":"2026-01-29T22:59:07","guid":{"rendered":"https:\/\/cervezanaipe.com\/?page_id=437"},"modified":"2026-04-01T23:42:51","modified_gmt":"2026-04-01T23:42:51","slug":"ediciones-especiales","status":"publish","type":"page","link":"https:\/\/cervezanaipe.com\/en\/ediciones-especiales\/","title":{"rendered":"Special Editions"},"content":{"rendered":"\t\t<div data-elementor-type=\"wp-page\" data-elementor-id=\"437\" class=\"elementor elementor-437\" data-elementor-post-type=\"page\">\n\t\t\t\t<div class=\"elementor-element elementor-element-e571b9c e-flex e-con-boxed e-con e-parent\" data-id=\"e571b9c\" data-element_type=\"container\" data-e-type=\"container\" data-settings=\"{&quot;background_background&quot;:&quot;classic&quot;}\">\n\t\t\t\t\t<div class=\"e-con-inner\">\n\t\t<div class=\"elementor-element elementor-element-e30c619 e-con-full e-flex e-con e-child\" data-id=\"e30c619\" data-element_type=\"container\" data-e-type=\"container\">\n\t\t\t\t<div class=\"elementor-element elementor-element-f305481 elementor-widget elementor-widget-heading\" data-id=\"f305481\" data-element_type=\"widget\" data-e-type=\"widget\" data-widget_type=\"heading.default\">\n\t\t\t\t\t<h2 class=\"elementor-heading-title elementor-size-default\">Edicion Especial<\/h2>\t\t\t\t<\/div>\n\t\t\t\t<div class=\"elementor-element elementor-element-995d409 elementor-widget elementor-widget-heading\" data-id=\"995d409\" data-element_type=\"widget\" data-e-type=\"widget\" data-widget_type=\"heading.default\">\n\t\t\t\t\t<h2 class=\"elementor-heading-title elementor-size-default\">Cerveza Artesanal Naipe Roses Blossom<\/h2>\t\t\t\t<\/div>\n\t\t\t\t<div class=\"elementor-element elementor-element-03599d2 elementor-widget elementor-widget-text-editor\" data-id=\"03599d2\" data-element_type=\"widget\" data-e-type=\"widget\" data-widget_type=\"text-editor.default\">\n\t\t\t\t\t\t\t\t\t<p>Cerveza de tono rosado suave con delicados reflejos rojizos.<br \/>En nariz, destacan aromas a p\u00e9talos frescos de rosa, con un car\u00e1cter floral y sutilmente frutal.<br \/>En boca es fresca y ligera, con el cuerpo limpio y equilibrado de una Lager, ideal para una experiencia refinada y f\u00e1cil de beber.<br \/>Presenta ligeros matices dulces que se integran con una nota seca y elegante en el retrogusto, dejando un final preciso y bien definido.<\/p>\t\t\t\t\t\t\t\t<\/div>\n\t\t\t\t<\/div>\n\t\t<div class=\"elementor-element elementor-element-049d086 e-con-full e-flex e-con e-child\" data-id=\"049d086\" data-element_type=\"container\" data-e-type=\"container\">\n\t\t\t\t<div class=\"elementor-element elementor-element-cf2d5e3 elementor-widget elementor-widget-image\" data-id=\"cf2d5e3\" data-element_type=\"widget\" data-e-type=\"widget\" data-settings=\"{&quot;motion_fx_motion_fx_scrolling&quot;:&quot;yes&quot;,&quot;motion_fx_devices&quot;:[&quot;desktop&quot;,&quot;laptop&quot;,&quot;tablet_extra&quot;,&quot;tablet&quot;,&quot;mobile_extra&quot;,&quot;mobile&quot;]}\" data-widget_type=\"image.default\">\n\t\t\t\t\t\t\t\t\t\t\t\t\t\t\t<img fetchpriority=\"high\" decoding=\"async\" width=\"800\" height=\"800\" src=\"https:\/\/cervezanaipe.com\/wp-content\/uploads\/2026\/01\/NAIPE_SAN_VALENTIN-1024x1024.webp\" class=\"attachment-large size-large wp-image-443\" alt=\"\" srcset=\"https:\/\/cervezanaipe.com\/wp-content\/uploads\/2026\/01\/NAIPE_SAN_VALENTIN-1024x1024.webp 1024w, https:\/\/cervezanaipe.com\/wp-content\/uploads\/2026\/01\/NAIPE_SAN_VALENTIN-300x300.webp 300w, https:\/\/cervezanaipe.com\/wp-content\/uploads\/2026\/01\/NAIPE_SAN_VALENTIN-150x150.webp 150w, https:\/\/cervezanaipe.com\/wp-content\/uploads\/2026\/01\/NAIPE_SAN_VALENTIN-768x768.webp 768w, https:\/\/cervezanaipe.com\/wp-content\/uploads\/2026\/01\/NAIPE_SAN_VALENTIN-1536x1536.webp 1536w, https:\/\/cervezanaipe.com\/wp-content\/uploads\/2026\/01\/NAIPE_SAN_VALENTIN.webp 1667w\" sizes=\"(max-width: 800px) 100vw, 800px\" \/>\t\t\t\t\t\t\t\t\t\t\t\t\t\t\t<\/div>\n\t\t\t\t<\/div>\n\t\t\t\t\t<\/div>\n\t\t\t\t<\/div>\n\t\t<div class=\"elementor-element elementor-element-5750a40 e-flex e-con-boxed e-con e-parent\" data-id=\"5750a40\" data-element_type=\"container\" data-e-type=\"container\" data-settings=\"{&quot;background_background&quot;:&quot;classic&quot;}\">\n\t\t\t\t\t<div class=\"e-con-inner\">\n\t\t<div class=\"elementor-element elementor-element-83eaf2d e-con-full e-flex e-con e-child\" data-id=\"83eaf2d\" data-element_type=\"container\" data-e-type=\"container\">\n\t\t\t\t<div class=\"elementor-element elementor-element-fa86505 elementor-widget elementor-widget-heading\" data-id=\"fa86505\" data-element_type=\"widget\" data-e-type=\"widget\" data-widget_type=\"heading.default\">\n\t\t\t\t\t<h2 class=\"elementor-heading-title elementor-size-default\">Edicion Especial<\/h2>\t\t\t\t<\/div>\n\t\t\t\t<div class=\"elementor-element elementor-element-632d141 elementor-widget elementor-widget-heading\" data-id=\"632d141\" data-element_type=\"widget\" data-e-type=\"widget\" data-widget_type=\"heading.default\">\n\t\t\t\t\t<h2 class=\"elementor-heading-title elementor-size-default\">Cerveza Artesanal Naipe Bottled Luck<\/h2>\t\t\t\t<\/div>\n\t\t\t\t<div class=\"elementor-element elementor-element-4ea4f04 elementor-widget elementor-widget-text-editor\" data-id=\"4ea4f04\" data-element_type=\"widget\" data-e-type=\"widget\" data-widget_type=\"text-editor.default\">\n\t\t\t\t\t\t\t\t\t<p>Cerveza estilo Pale Ale elaborada con l\u00fapulos<br \/>americanos seleccionados.<br \/>De color verde brillante, sorprende a la vista<br \/>con un car\u00e1cter distintivo y moderno.<br \/>En nariz se expresan aromas c\u00edtricos vibrantes, acompa\u00f1ados de notas herbales que evocan menta fresca.<br \/>En boca presenta cuerpo medio y textura equilibrada, con un perfil refrescante que resalta la vivacidad de los l\u00fapulos.<br \/>El retrogusto deja una sensaci\u00f3n ligera y fresca, aportando un final agradable y persistente.<br \/>Presenta ligeros matices dulces que se integran con una nota seca y elegante en el retrogusto, dejando un final preciso y bien definido.<\/p>\t\t\t\t\t\t\t\t<\/div>\n\t\t\t\t<\/div>\n\t\t<div class=\"elementor-element elementor-element-dee7801 e-con-full e-flex e-con e-child\" data-id=\"dee7801\" data-element_type=\"container\" data-e-type=\"container\">\n\t\t\t\t<div class=\"elementor-element elementor-element-3a6775a elementor-widget elementor-widget-image\" data-id=\"3a6775a\" data-element_type=\"widget\" data-e-type=\"widget\" data-widget_type=\"image.default\">\n\t\t\t\t\t\t\t\t\t\t\t\t\t\t\t<img decoding=\"async\" width=\"800\" height=\"800\" src=\"https:\/\/cervezanaipe.com\/wp-content\/uploads\/2026\/03\/SAN-PATRICIO-1-1024x1024.webp\" class=\"attachment-large size-large wp-image-597\" alt=\"\" srcset=\"https:\/\/cervezanaipe.com\/wp-content\/uploads\/2026\/03\/SAN-PATRICIO-1-1024x1024.webp 1024w, https:\/\/cervezanaipe.com\/wp-content\/uploads\/2026\/03\/SAN-PATRICIO-1-300x300.webp 300w, https:\/\/cervezanaipe.com\/wp-content\/uploads\/2026\/03\/SAN-PATRICIO-1-150x150.webp 150w, https:\/\/cervezanaipe.com\/wp-content\/uploads\/2026\/03\/SAN-PATRICIO-1-768x768.webp 768w, https:\/\/cervezanaipe.com\/wp-content\/uploads\/2026\/03\/SAN-PATRICIO-1-1536x1536.webp 1536w, https:\/\/cervezanaipe.com\/wp-content\/uploads\/2026\/03\/SAN-PATRICIO-1-2048x2048.webp 2048w, https:\/\/cervezanaipe.com\/wp-content\/uploads\/2026\/03\/SAN-PATRICIO-1-12x12.webp 12w\" sizes=\"(max-width: 800px) 100vw, 800px\" \/>\t\t\t\t\t\t\t\t\t\t\t\t\t\t\t<\/div>\n\t\t\t\t<\/div>\n\t\t\t\t\t<\/div>\n\t\t\t\t<\/div>\n\t\t<div class=\"elementor-element elementor-element-521b6e7 e-flex e-con-boxed e-con e-parent\" data-id=\"521b6e7\" data-element_type=\"container\" data-e-type=\"container\" data-settings=\"{&quot;background_background&quot;:&quot;classic&quot;}\">\n\t\t\t\t\t<div class=\"e-con-inner\">\n\t\t<div class=\"elementor-element elementor-element-376b5d6 e-con-full e-flex e-con e-child\" data-id=\"376b5d6\" data-element_type=\"container\" data-e-type=\"container\">\n\t\t\t\t<div class=\"elementor-element elementor-element-2383957 elementor-widget elementor-widget-heading\" data-id=\"2383957\" data-element_type=\"widget\" data-e-type=\"widget\" data-widget_type=\"heading.default\">\n\t\t\t\t\t<h2 class=\"elementor-heading-title elementor-size-default\">Edicion Especial<\/h2>\t\t\t\t<\/div>\n\t\t\t\t<div class=\"elementor-element elementor-element-25392c1 elementor-widget elementor-widget-heading\" data-id=\"25392c1\" data-element_type=\"widget\" data-e-type=\"widget\" data-widget_type=\"heading.default\">\n\t\t\t\t\t<h2 class=\"elementor-heading-title elementor-size-default\">Cerveza Artesanal Naipe Flor Imperial<\/h2>\t\t\t\t<\/div>\n\t\t\t\t<div class=\"elementor-element elementor-element-5cba395 elementor-widget elementor-widget-text-editor\" data-id=\"5cba395\" data-element_type=\"widget\" data-e-type=\"widget\" data-widget_type=\"text-editor.default\">\n\t\t\t\t\t\t\t\t\t<p>Cerveza estilo Doble India Pale Ale de color amarillo brillante y luminoso, que anticipa su intensidad arom\u00e1tica.<br \/>En nariz se expresa con una carga lupulada protagonista, donde emergen notas vibrantes de c\u00edtricos frescos y frutas tropicales maduras, aportando complejidad y car\u00e1cter.<br \/>En boca se presenta robusta y envolvente, con estructura firme y profundidad marcada por su alta concentraci\u00f3n de l\u00fapulos (90 IBUs) y un grado alcoh\u00f3lico elevado (8.5%), que aportan potencia sin perder equilibrio.<\/p>\t\t\t\t\t\t\t\t<\/div>\n\t\t\t\t<\/div>\n\t\t<div class=\"elementor-element elementor-element-ac0418e e-con-full e-flex e-con e-child\" data-id=\"ac0418e\" data-element_type=\"container\" data-e-type=\"container\">\n\t\t\t\t<div class=\"elementor-element elementor-element-692eb1e elementor-widget elementor-widget-image\" data-id=\"692eb1e\" data-element_type=\"widget\" data-e-type=\"widget\" data-widget_type=\"image.default\">\n\t\t\t\t\t\t\t\t\t\t\t\t\t\t\t<img decoding=\"async\" width=\"800\" height=\"800\" src=\"https:\/\/cervezanaipe.com\/wp-content\/uploads\/2026\/03\/flor-imperial_Mesa-de-trabajo-1-1024x1024.webp\" class=\"attachment-large size-large wp-image-629\" alt=\"\" srcset=\"https:\/\/cervezanaipe.com\/wp-content\/uploads\/2026\/03\/flor-imperial_Mesa-de-trabajo-1-1024x1024.webp 1024w, https:\/\/cervezanaipe.com\/wp-content\/uploads\/2026\/03\/flor-imperial_Mesa-de-trabajo-1-300x300.webp 300w, https:\/\/cervezanaipe.com\/wp-content\/uploads\/2026\/03\/flor-imperial_Mesa-de-trabajo-1-150x150.webp 150w, https:\/\/cervezanaipe.com\/wp-content\/uploads\/2026\/03\/flor-imperial_Mesa-de-trabajo-1-768x768.webp 768w, https:\/\/cervezanaipe.com\/wp-content\/uploads\/2026\/03\/flor-imperial_Mesa-de-trabajo-1-1536x1536.webp 1536w, https:\/\/cervezanaipe.com\/wp-content\/uploads\/2026\/03\/flor-imperial_Mesa-de-trabajo-1-2048x2048.webp 2048w, https:\/\/cervezanaipe.com\/wp-content\/uploads\/2026\/03\/flor-imperial_Mesa-de-trabajo-1-12x12.webp 12w\" sizes=\"(max-width: 800px) 100vw, 800px\" \/>\t\t\t\t\t\t\t\t\t\t\t\t\t\t\t<\/div>\n\t\t\t\t<\/div>\n\t\t\t\t\t<\/div>\n\t\t\t\t<\/div>\n\t\t\t\t<\/div>\n\t\t","protected":false},"excerpt":{"rendered":"<p>Edicion Especial Cerveza Artesanal Naipe Roses Blossom Cerveza de tono rosado suave con delicados reflejos rojizos.En nariz, destacan aromas a p\u00e9talos frescos de rosa, con un car\u00e1cter floral y sutilmente frutal.En boca es fresca y ligera, con el cuerpo limpio y equilibrado de una Lager, ideal para una experiencia refinada y f\u00e1cil de beber.Presenta ligeros [&hellip;]<\/p>\n","protected":false},"author":1,"featured_media":0,"parent":0,"menu_order":0,"comment_status":"closed","ping_status":"closed","template":"","meta":{"footnotes":""},"class_list":["post-437","page","type-page","status-publish","hentry"],"_links":{"self":[{"href":"https:\/\/cervezanaipe.com\/en\/wp-json\/wp\/v2\/pages\/437","targetHints":{"allow":["GET"]}}],"collection":[{"href":"https:\/\/cervezanaipe.com\/en\/wp-json\/wp\/v2\/pages"}],"about":[{"href":"https:\/\/cervezanaipe.com\/en\/wp-json\/wp\/v2\/types\/page"}],"author":[{"embeddable":true,"href":"https:\/\/cervezanaipe.com\/en\/wp-json\/wp\/v2\/users\/1"}],"replies":[{"embeddable":true,"href":"https:\/\/cervezanaipe.com\/en\/wp-json\/wp\/v2\/comments?post=437"}],"version-history":[{"count":37,"href":"https:\/\/cervezanaipe.com\/en\/wp-json\/wp\/v2\/pages\/437\/revisions"}],"predecessor-version":[{"id":683,"href":"https:\/\/cervezanaipe.com\/en\/wp-json\/wp\/v2\/pages\/437\/revisions\/683"}],"wp:attachment":[{"href":"https:\/\/cervezanaipe.com\/en\/wp-json\/wp\/v2\/media?parent=437"}],"curies":[{"name":"wp","href":"https:\/\/api.w.org\/{rel}","templated":true}]}}